{"id":11182,"date":"2020-11-10T16:51:01","date_gmt":"2020-11-10T21:51:01","guid":{"rendered":"https:\/\/itergy.com\/?page_id=11182"},"modified":"2020-11-10T16:55:44","modified_gmt":"2020-11-10T21:55:44","slug":"travail-securitaire","status":"publish","type":"page","link":"https:\/\/itergy.com\/fr\/travail-securitaire\/","title":{"rendered":"Des personnes plut\u00f4t que des p\u00e9rim\u00e8tres"},"content":{"rendered":"\n<h2>Comment rendre votre architecture infonuagique et de travail \u00e0 distance plus productive et plus s\u00fbre.<\/h2>\n<p>Pour que la gestion et l\u2019op\u00e9ration de vos applications et votre infrastructure infonuagiques\u2014publiques, priv\u00e9es ou hybrides\u2014soient r\u00e9ussies, beaucoup d\u00e9pend de la bonne gestion de la s\u00e9curit\u00e9, de l\u2019identit\u00e9, et des services critiques tels que Azure AD et Active Directory.<\/p>\n<p>Regardez les vid\u00e9os \u00e9ducatives ci-dessous ou lisez le rapport sommaire; ils partagent les le\u00e7ons apprises lors de nombreuses impl\u00e9mentations r\u00e9ussies au fil des ann\u00e9es, g\u00e9rant la s\u00e9curit\u00e9, l\u2019identit\u00e9 et des r\u00e9pertoires infonuagiques, dans diff\u00e9rents environnements et pays.<\/p>\n<p>Apprenez gr\u00e2ce aux r\u00e9cits r\u00e9els de nos clients. L\u2019un d\u2019entre eux, en particulier, nous a fait comprendre que ennuyeux peut \u00eatre bien, surtout de nos jours.<\/p>\n\n\n\n<div class=\"row my-4\">\n<div class=\"col-md-8\">\n<h2>Webinaire de 3 minutes<\/h2>\n<div class=\"row\">\n<div class=\"col-sm-6\">\n<div class=\"embed-responsive embed-responsive-16by9\"><iframe class=\"embed-responsive-item\" src=\"\/\/www.youtube.com\/embed\/Oarlk0rfHMQ\" frameborder=\"0\" allowfullscreen=\"allowfullscreen\"><\/iframe><\/div>\n<\/div>\n<div class=\"col-sm-6\">\n<p>Si vous cherchez des supers astuces pour supporter et s\u00e9curiser une nouvelle architecture d\u2019entreprise qui r\u00e9pond aux besoins d\u2019une importante force de travail \u00e0 distance, visionnez <a href=\"https:\/\/youtu.be\/Oarlk0rfHMQ\" target=\"_blank\" rel=\"noopener noreferrer\"><b>cette courte vid\u00e9o<\/b><\/a> (en anglais seulement), qui met en vedette des r\u00e9cits clients et des le\u00e7ons cl\u00e9s. Ce sont les personnes qui constituent d\u00e9sormais le p\u00e9rim\u00e8tre, et plus le pare-feu.<\/p>\n<\/div>\n<\/div>\n<h2 class=\"mt-3\">Webinaire Complet<\/h2>\n<div class=\"row mt-1\">\n<div class=\"col-sm-6\">\n<div class=\"embed-responsive embed-responsive-16by9\"><iframe class=\"embed-responsive-item\" src=\"\/\/www.youtube.com\/embed\/3g5dQIhTAng\" frameborder=\"0\" allowfullscreen=\"allowfullscreen\"><\/iframe><\/div>\n<\/div>\n<div class=\"col-sm-6\">\n<p>Ayant r\u00e9ussi la transition massive vers le travail \u00e0 domicile, les entreprises se trouvent face \u00e0 une nouvelle r\u00e9alit\u00e9 : supporter et s\u00e9curiser cette nouvelle architecture d\u2019entreprise, o\u00f9 la s\u00e9curit\u00e9 d\u00e9pend des personnes plut\u00f4t que des p\u00e9rim\u00e8tres. De plus en plus, elles doivent prendre en compte l\u2019exigence d\u2019une meilleure exp\u00e9rience utilisateur.<\/p>\n<\/div>\n<p>Des experts dans le domaine partagent leurs connaissances, les meilleures pratiques et leurs exp\u00e9riences v\u00e9cues, et discutent de comment:<\/p>\n<ul>\n<li>Donner les moyens et les capacit\u00e9s \u00e0 vos \u00e9quipes dans la situation actuelle<\/li>\n<li>Supporter et s\u00e9curiser une nouvelle architecture d\u2019entreprise<\/li>\n<li>Utiliser une nouvelle approche envers Microsoft Azure et Active Directory (AD), ou des suites d\u2019applications telles que Microsoft 365 (anciennement Office 365)<\/li>\n<li>Tirer avantage de vos technologies Microsoft existantes au b\u00e9n\u00e9fice de votre force de travail \u00e0 distance<\/li>\n<\/ul>\n<a href=\"https:\/\/youtu.be\/3g5dQIhTAng\" target=\"_blank\" rel=\"noopener noreferrer\"><b>Visionnez le webinaire complet<\/b><\/a>&nbsp;(en anglais seulement).<\/div>\n<br>\n<h3>Pr\u00e9sent\u00e9 par :<\/h3>\n&#8211; <a href=\"https:\/\/ca.linkedin.com\/in\/therealjimlove\">Jim Love<\/a>, Directeur des Syst\u00e8mes d\u2019information de ITWC<br>&#8211; <a href=\"https:\/\/ca.linkedin.com\/in\/curtisjohnstone\">Curtis Johnstone<\/a>, Ing\u00e9nieur \u00e9m\u00e9rite et Architecte de produit\u2014Communications unifi\u00e9es chez Quest, reconnu Microsoft MVP<br>&#8211; <a href=\"https:\/\/ca.linkedin.com\/in\/ralphloewen\">Ralph Loewen<\/a>, notre Chef de la direction chez Itergy<\/div>\n<div class=\"col-md-4\"><a href=\"https:\/\/itergy.com\/wp-content\/uploads\/2020\/11\/Itergy_ITWC_Report.pdf\"> <img decoding=\"async\" class=\"img-fluid\" src=\"https:\/\/itergy.com\/wp-content\/uploads\/2020\/10\/IT-front-page.png\" alt=\"Itergy ITWC report\"> <\/a>\n<p class=\"mt-2\">Quelles sont les meilleures astuces pour rendre votre nouvelle architecture infonuagique de travail \u00e0 distance plus s\u00fbre, plus stable et plus productive? Les \u00e9l\u00e9ments cl\u00e9s comme Microsoft Azure et Active Directory, ou des suites d\u2019applications telles que Microsoft 365 (anciennement Office 365), demandent de nouvelles approches. Pourquoi pas b\u00e9n\u00e9ficier des exp\u00e9riences d\u2019autres qui l\u2019ont fait avec succ\u00e8s? <a href=\"https:\/\/itergy.com\/wp-content\/uploads\/2020\/11\/Itergy_ITWC_Report.pdf\"><b>Lisez le rapport maintenant<\/b><\/a> (en anglais seulement).<\/p>\n<\/div>\n<\/div>\n","protected":false},"excerpt":{"rendered":"","protected":false},"author":50,"featured_media":0,"parent":0,"menu_order":0,"comment_status":"closed","ping_status":"closed","template":"page-index.php","meta":{"_acf_changed":false,"content-type":"","footnotes":""},"class_list":["post-11182","page","type-page","status-publish","hentry"],"acf":[],"aioseo_notices":[],"_links":{"self":[{"href":"https:\/\/itergy.com\/fr\/wp-json\/wp\/v2\/pages\/11182","targetHints":{"allow":["GET"]}}],"collection":[{"href":"https:\/\/itergy.com\/fr\/wp-json\/wp\/v2\/pages"}],"about":[{"href":"https:\/\/itergy.com\/fr\/wp-json\/wp\/v2\/types\/page"}],"author":[{"embeddable":true,"href":"https:\/\/itergy.com\/fr\/wp-json\/wp\/v2\/users\/50"}],"replies":[{"embeddable":true,"href":"https:\/\/itergy.com\/fr\/wp-json\/wp\/v2\/comments?post=11182"}],"version-history":[{"count":10,"href":"https:\/\/itergy.com\/fr\/wp-json\/wp\/v2\/pages\/11182\/revisions"}],"predecessor-version":[{"id":11225,"href":"https:\/\/itergy.com\/fr\/wp-json\/wp\/v2\/pages\/11182\/revisions\/11225"}],"wp:attachment":[{"href":"https:\/\/itergy.com\/fr\/wp-json\/wp\/v2\/media?parent=11182"}],"curies":[{"name":"wp","href":"https:\/\/api.w.org\/{rel}","templated":true}]}}