{"id":17012,"date":"2022-03-16T13:37:20","date_gmt":"2022-03-16T17:37:20","guid":{"rendered":"https:\/\/itergy.com\/?page_id=17012"},"modified":"2022-03-16T13:37:22","modified_gmt":"2022-03-16T17:37:22","slug":"la-securite-informatique-vous-preoccupe","status":"publish","type":"page","link":"https:\/\/itergy.com\/fr\/ressources\/la-securite-informatique-vous-preoccupe\/","title":{"rendered":"La s\u00e9curit\u00e9 informatique vous pr\u00e9occupe?"},"content":{"rendered":"\n<h3 class=\"wp-block-heading\">Tout le monde n&#8217;a pas besoin du m\u00eame niveau de s\u00e9curit\u00e9<\/h3>\n\n\n\n<p>Demandez \u00e0 dix personnes de vous d\u00e9finir la s\u00e9curit\u00e9 informatique et vous obtiendrez dix r\u00e9ponses diff\u00e9rentes. S\u2019agit-il de l\u2019installation d\u2019un logiciel antivirus? De prot\u00e9ger votre r\u00e9seau avec un pare-feu centralis\u00e9? D\u2019assurer que seules les personnes autoris\u00e9es ont acc\u00e8s \u00e0 certaines donn\u00e9es? La r\u00e9ponse pourrait bien \u00eatre \u00ab&nbsp;toutes ces r\u00e9ponses&nbsp;\u00bb.<\/p>\n\n\n\n<h3 class=\"wp-block-heading\">La s\u00e9curit\u00e9 abord\u00e9e de fa\u00e7on syst\u00e9matique et globale<\/h3>\n\n\n\n<p>Il fut un temps o\u00f9 la s\u00e9curit\u00e9 informatique consistait essentiellement \u00e0 s\u00e9curiser un p\u00e9rim\u00e8tre et \u00e0 \u00e9viter que des pirates informatiques n\u2019acc\u00e8dent \u00e0 votre r\u00e9seau, , mais l\u2019adoption rapide des services dans le Cloud, des technologies mobiles et des m\u00e9dias sociaux ont forc\u00e9 bon nombre de compagnies \u00e0 aborder la question de la s\u00e9curit\u00e9 au-del\u00e0 des r\u00e9seaux et des appareils.<\/p>\n\n\n\n<p>Nos solutions de gestion des identit\u00e9s et des acc\u00e8s sont con\u00e7ues pour r\u00e9pondre aux besoins des entreprises qui d\u00e9sirent&nbsp;:<\/p>\n\n\n\n<ul class=\"wp-block-list\"><li>Une surveillance continue et proactive<\/li><li>Des antivirus et pare-feu traditionnels<\/li><li>Des solutions fiables de gestion des identit\u00e9s et des acc\u00e8s<\/li><\/ul>\n\n\n\n<h3 class=\"wp-block-heading\">Solutions<\/h3>\n\n\n\n<p>Apprenez-en davantage sur nos&nbsp;<a href=\"http:\/\/itergy.com\/fr\/services\/consultation-et-gestion-de-projets\/gestion-des-acces-et-identites\/\">gestion des identit\u00e9s et des acc\u00e8s<\/a>&nbsp;bas\u00e9es sur des SLA et les meilleures pratiques ITIL pour vous prot\u00e9ger contre les menaces externes et internes, quelque soit votre d\u2019environnement informatique.<\/p>\n\n\n","protected":false},"excerpt":{"rendered":"<p>Tout le monde n&#8217;a pas besoin du m\u00eame niveau de s\u00e9curit\u00e9 Demandez \u00e0 dix personnes de vous d\u00e9finir la s\u00e9curit\u00e9 informatique et vous obtiendrez dix r\u00e9ponses diff\u00e9rentes. S\u2019agit-il de l\u2019installation d\u2019un logiciel antivirus? De prot\u00e9ger votre r\u00e9seau avec un pare-feu centralis\u00e9? D\u2019assurer que seules les personnes autoris\u00e9es ont acc\u00e8s \u00e0 certaines donn\u00e9es? La r\u00e9ponse pourrait [&hellip;]<\/p>\n","protected":false},"author":16,"featured_media":6291,"parent":2383,"menu_order":0,"comment_status":"closed","ping_status":"closed","template":"","meta":{"_acf_changed":false,"content-type":"","footnotes":""},"class_list":["post-17012","page","type-page","status-publish","has-post-thumbnail","hentry"],"acf":[],"aioseo_notices":[],"_links":{"self":[{"href":"https:\/\/itergy.com\/fr\/wp-json\/wp\/v2\/pages\/17012","targetHints":{"allow":["GET"]}}],"collection":[{"href":"https:\/\/itergy.com\/fr\/wp-json\/wp\/v2\/pages"}],"about":[{"href":"https:\/\/itergy.com\/fr\/wp-json\/wp\/v2\/types\/page"}],"author":[{"embeddable":true,"href":"https:\/\/itergy.com\/fr\/wp-json\/wp\/v2\/users\/16"}],"replies":[{"embeddable":true,"href":"https:\/\/itergy.com\/fr\/wp-json\/wp\/v2\/comments?post=17012"}],"version-history":[{"count":2,"href":"https:\/\/itergy.com\/fr\/wp-json\/wp\/v2\/pages\/17012\/revisions"}],"predecessor-version":[{"id":17014,"href":"https:\/\/itergy.com\/fr\/wp-json\/wp\/v2\/pages\/17012\/revisions\/17014"}],"up":[{"embeddable":true,"href":"https:\/\/itergy.com\/fr\/wp-json\/wp\/v2\/pages\/2383"}],"wp:featuredmedia":[{"embeddable":true,"href":"https:\/\/itergy.com\/fr\/wp-json\/wp\/v2\/media\/6291"}],"wp:attachment":[{"href":"https:\/\/itergy.com\/fr\/wp-json\/wp\/v2\/media?parent=17012"}],"curies":[{"name":"wp","href":"https:\/\/api.w.org\/{rel}","templated":true}]}}