{"id":17016,"date":"2022-03-16T13:43:37","date_gmt":"2022-03-16T17:43:37","guid":{"rendered":"https:\/\/itergy.com\/?page_id=17016"},"modified":"2023-04-17T09:44:27","modified_gmt":"2023-04-17T13:44:27","slug":"vous-cherchez-a-garantir-la-performance-dad","status":"publish","type":"page","link":"https:\/\/itergy.com\/fr\/ressources\/vous-cherchez-a-garantir-la-performance-dad\/","title":{"rendered":"Vous cherchez \u00e0 garantir la performance d\u2019AD?"},"content":{"rendered":"\n<h3 class=\"wp-block-heading\">Qu\u2019est-ce qui vous emp\u00eache de d\u2019am\u00e9liorer l\u2019efficacit\u00e9 d\u2019AD?<\/h3>\n\n\n\n<p>Active Directory joue un r\u00f4le tellement crucial dans le bon fonctionnement de vos applications critiques que vous ne pouvez pas vous contenter de faire de votre mieux. Vous avez besoin de g\u00e9rer AD sur la base d\u2019un contrat avec niveau garanti de service (SLA). C\u2019est pr\u00e9cis\u00e9ment ce &nbsp;que nous vous offrons avec la gestion d\u2019Active Directory (ADMS).<\/p>\n\n\n\n<h3 class=\"wp-block-heading\">\u00c9liminez les obstacles AD dans vos projets strat\u00e9giques<\/h3>\n\n\n\n<p>AD n\u2019est pas un sujet dont les CIOs raffolent. Personne n\u2019est r\u00e9compens\u00e9 pour optimiser AD. Pourtant, si vous ne le faites pas, vous pourriez compromette d\u2019importants projets tels que le d\u00e9ploiement d\u2019un nouveau ERP, la migration de vos applications dans le Cloud ou la mise en place de votre strat\u00e9gie BYOD.<\/p>\n\n\n\n<p>Certaines entreprises cherchent \u00e0 courtourner la complexit\u00e9 d\u2019AD, mais r\u00e9alisent t\u00f4t ou tard que les solutions rapides compliquent souvent le d\u00e9ploiement d\u2019applications futures.<\/p>\n\n\n\n<p>Les clients int\u00e9ress\u00e9s par notre service de gestion ADMS recherchent g\u00e9n\u00e9ralement une solution qui&nbsp;:<\/p>\n\n\n\n<ul class=\"wp-block-list\">\n<li>Fournit un niveau garanti de performance et une surveillance sur la base d\u2019un contrat de services (SLA) rigoureux&nbsp;<\/li>\n\n\n\n<li>Effectue des v\u00e9rifications p\u00e9riodiques d\u2019AD de mani\u00e8re \u00e0 \u00e9viter les catastrophes<\/li>\n\n\n\n<li>Sauvegarde et test AD et son processus de restauration<\/li>\n\n\n\n<li>R\u00e9pond aux exigences des audits et de conformit\u00e9<\/li>\n\n\n\n<li>Lib\u00e8re les ressources internes pour se concentrer sur des projets plus strat\u00e9giques<\/li>\n\n\n\n<li>Garantie la disponibilit\u00e9 d\u2019experts d\u2019AD 24\/7<\/li>\n<\/ul>\n\n\n\n<h3 class=\"wp-block-heading\">Solutions<\/h3>\n\n\n\n<p>Notre\u00a0<a href=\"https:\/\/itergy.com\/fr\/services\/services-geres\/gestion-active-directory\/\" title=\"\">service de gestion d\u2019Active Directory<\/a>\u00a0est bas\u00e9 sur des SLA pr\u00e9cis, incluant la reprise apr\u00e8s sinistre, des plans de gestion de crise et la v\u00e9rification p\u00e9riodique d\u2019AD.<\/p>\n\n\n\n<p>Au cours des ann\u00e9es, nous avons g\u00e9r\u00e9 AD \u2013 et continuons de le faire \u2013 pour de nombreuses tr\u00e8s grandes entreprises. Nous serions heureux de partager notre exp\u00e9rience avec vous.<\/p>\n","protected":false},"excerpt":{"rendered":"<p>Qu\u2019est-ce qui vous emp\u00eache de d\u2019am\u00e9liorer l\u2019efficacit\u00e9 d\u2019AD? Active Directory joue un r\u00f4le tellement crucial dans le bon fonctionnement de vos applications critiques que vous ne pouvez pas vous contenter de faire de votre mieux. Vous avez besoin de g\u00e9rer AD sur la base d\u2019un contrat avec niveau garanti de service (SLA). C\u2019est pr\u00e9cis\u00e9ment ce [&hellip;]<\/p>\n","protected":false},"author":16,"featured_media":6316,"parent":2383,"menu_order":0,"comment_status":"closed","ping_status":"closed","template":"","meta":{"_acf_changed":false,"content-type":"","footnotes":""},"class_list":["post-17016","page","type-page","status-publish","has-post-thumbnail","hentry"],"acf":[],"aioseo_notices":[],"_links":{"self":[{"href":"https:\/\/itergy.com\/fr\/wp-json\/wp\/v2\/pages\/17016","targetHints":{"allow":["GET"]}}],"collection":[{"href":"https:\/\/itergy.com\/fr\/wp-json\/wp\/v2\/pages"}],"about":[{"href":"https:\/\/itergy.com\/fr\/wp-json\/wp\/v2\/types\/page"}],"author":[{"embeddable":true,"href":"https:\/\/itergy.com\/fr\/wp-json\/wp\/v2\/users\/16"}],"replies":[{"embeddable":true,"href":"https:\/\/itergy.com\/fr\/wp-json\/wp\/v2\/comments?post=17016"}],"version-history":[{"count":5,"href":"https:\/\/itergy.com\/fr\/wp-json\/wp\/v2\/pages\/17016\/revisions"}],"predecessor-version":[{"id":23082,"href":"https:\/\/itergy.com\/fr\/wp-json\/wp\/v2\/pages\/17016\/revisions\/23082"}],"up":[{"embeddable":true,"href":"https:\/\/itergy.com\/fr\/wp-json\/wp\/v2\/pages\/2383"}],"wp:featuredmedia":[{"embeddable":true,"href":"https:\/\/itergy.com\/fr\/wp-json\/wp\/v2\/media\/6316"}],"wp:attachment":[{"href":"https:\/\/itergy.com\/fr\/wp-json\/wp\/v2\/media?parent=17016"}],"curies":[{"name":"wp","href":"https:\/\/api.w.org\/{rel}","templated":true}]}}