{"id":17031,"date":"2022-03-16T14:38:02","date_gmt":"2022-03-16T18:38:02","guid":{"rendered":"https:\/\/itergy.com\/?page_id=17031"},"modified":"2022-03-16T14:41:03","modified_gmt":"2022-03-16T18:41:03","slug":"evaluation-de-la-securite-doffice-365","status":"publish","type":"page","link":"https:\/\/itergy.com\/fr\/ressources\/evaluation-de-la-securite-doffice-365\/","title":{"rendered":"\u00c9valuation de la s\u00e9curit\u00e9 d&#8217;Office 365"},"content":{"rendered":"\n<h3 class=\"wp-block-heading\">\u00c9valuation de la s\u00e9curit\u00e9 d&#8217;Office 365<\/h3>\n\n\n\n<p>Votre environnement Office 365 est-il s\u00e9curis\u00e9 et configur\u00e9 correctement? Votre entreprise doit-elle se conformer \u00e0 des r\u00e9glementations nationales ou internationales? Est-ce que la protection des donn\u00e9es et la protection de la propri\u00e9t\u00e9 intellectuelle sont des enjeux importants pour votre entreprise? Savez-vous quelles personnes ont acc\u00e8s aux informations stock\u00e9es dans votre plateforme Microsoft Office 365?<\/p>\n\n\n\n<h4 class=\"wp-block-heading\">Cessez de vous questionner: trouvez les r\u00e9ponses et l\u2019aide qu\u2019il vous faut gr\u00e2ce \u00e0 notre \u00c9valuation de la s\u00e9curit\u00e9 d\u2019Office 365.<\/h4>\n\n\n\n<p>Ce service d\u2019Itergy vise \u00e0 analyser votre environnement Office 365. L\u2019\u00e9valuation est effectu\u00e9e en utilisant les fonctionnalit\u00e9s d\u2019Office 365, les politiques de s\u00e9curit\u00e9 de votre entreprise et les connaissances d\u2019Itergy en mati\u00e8re d\u2019exigences de conformit\u00e9 dans un grand nombre d\u2019industries et de r\u00e9gions g\u00e9ographiques.<\/p>\n\n\n\n<p>Un expert d\u2019Itergy analysera la configuration de s\u00e9curit\u00e9 de votre plateforme Office 365 en fonction des exigences, puis vous fournira un rapport d\u00e9taillant les mesures correctives \u00e0 prendre, le cas \u00e9ch\u00e9ant. L\u2019expert d\u2019Itergy pourra \u00e9galement aider votre \u00e9quipe \u00e0 mettre en \u0153uvre les mesures correctives afin d\u2019acc\u00e9l\u00e9rer le processus de conformit\u00e9 pour votre entreprise.<\/p>\n\n\n\n<h4 class=\"wp-block-heading\">Objectifs-cl\u00e9s de l\u2019\u00e9valuation<\/h4>\n\n\n\n<ul class=\"wp-block-list\"><li><strong>\u00c9tablir des mesures&nbsp;:<\/strong>&nbsp;En nous basant sur la gouvernance, la gestion des risques et la conformit\u00e9 (GRC) ainsi que sur les politiques de s\u00e9curit\u00e9 de votre entreprise, nous cr\u00e9ons un document d\u00e9taillant les mesures requises pour Office 365.<\/li><li><strong>Fournir un rapport de votre situation actuelle&nbsp;:<\/strong>&nbsp;Nous configurons l\u2019outil Office 365 Secure Score pour \u00e9valuer votre situation actuelle et vous fournir un rapport de gestion. Celui-ci indique les aspects qui sont conformes au sein de votre organisation ainsi que les lacunes.<\/li><li><strong>\u00c9laborer un plan&nbsp;:<\/strong>&nbsp;Nous offrons un atelier pour passer en revue les r\u00e9sultats et nous cr\u00e9ons un plan de haut niveau afin de rem\u00e9dier aux lacunes d\u00e9couvertes. Le plan se basera sur l\u2019urgence des besoins, l\u2019impact sur vos activit\u00e9s et la capacit\u00e9 de votre entreprise \u00e0 g\u00e9rer les changements requis en tenant compte de la communaut\u00e9 des utilisateurs finaux.<\/li><\/ul>\n\n\n\n<h4 class=\"wp-block-heading\">Aper\u00e7u des services<\/h4>\n\n\n\n<ul class=\"wp-block-list\"><li><strong>Vue \u00e9clair\u00e9e de votre s\u00e9curit\u00e9 actuelle.&nbsp;<\/strong>Guichet unique pour bien saisir votre situation actuelle en mati\u00e8re de s\u00e9curit\u00e9 et savoir quelles fonctionnalit\u00e9s sont activ\u00e9es dans votre syst\u00e8me.<\/li><li><strong>Accompagnement pour accro\u00eetre votre niveau de s\u00e9curit\u00e9.<\/strong>&nbsp;D\u00e9couvrez les fonctions de s\u00e9curit\u00e9 qui vous permettent de r\u00e9duire les risques tout en vous aidant \u00e0 trouver un \u00e9quilibre entre la productivit\u00e9 et la s\u00e9curit\u00e9 de votre entreprise.<\/li><li><strong>Conformit\u00e9 r\u00e9glementaire.<\/strong>&nbsp;Fonctionnalit\u00e9s pour la conformit\u00e9 avec le RGPD, le HIPAA, la LPRPDE et ISO 20001 dans Office 365<\/li><\/ul>\n\n\n\n<div data-wp-interactive=\"core\/file\" class=\"wp-block-file\"><object data-wp-bind--hidden=\"!state.hasPdfPreview\" hidden class=\"wp-block-file__embed\" data=\"https:\/\/itergy.com\/wp-content\/uploads\/2022\/03\/Evaluation-de-la-securite-Office-365-1.pdf\" type=\"application\/pdf\" style=\"width:100%;height:600px\" aria-label=\"Embed of Embed of Evaluation-de-la-securite-Office-365-1..\"><\/object><a id=\"wp-block-file--media-b0b2b68a-d91f-4155-9320-1ffd3f11c879\" href=\"https:\/\/itergy.com\/wp-content\/uploads\/2022\/03\/Evaluation-de-la-securite-Office-365-1.pdf\">Evaluation-de-la-securite-Office-365-1<\/a><a href=\"https:\/\/itergy.com\/wp-content\/uploads\/2022\/03\/Evaluation-de-la-securite-Office-365-1.pdf\" class=\"wp-block-file__button\" download aria-describedby=\"wp-block-file--media-b0b2b68a-d91f-4155-9320-1ffd3f11c879\">Download<\/a><\/div>\n","protected":false},"excerpt":{"rendered":"<p>\u00c9valuation de la s\u00e9curit\u00e9 d&#8217;Office 365 Votre environnement Office 365 est-il s\u00e9curis\u00e9 et configur\u00e9 correctement? Votre entreprise doit-elle se conformer \u00e0 des r\u00e9glementations nationales ou internationales? Est-ce que la protection des donn\u00e9es et la protection de la propri\u00e9t\u00e9 intellectuelle sont des enjeux importants pour votre entreprise? Savez-vous quelles personnes ont acc\u00e8s aux informations stock\u00e9es dans [&hellip;]<\/p>\n","protected":false},"author":16,"featured_media":17034,"parent":2383,"menu_order":0,"comment_status":"closed","ping_status":"closed","template":"","meta":{"_acf_changed":false,"content-type":"","footnotes":""},"class_list":["post-17031","page","type-page","status-publish","has-post-thumbnail","hentry"],"acf":[],"aioseo_notices":[],"_links":{"self":[{"href":"https:\/\/itergy.com\/fr\/wp-json\/wp\/v2\/pages\/17031","targetHints":{"allow":["GET"]}}],"collection":[{"href":"https:\/\/itergy.com\/fr\/wp-json\/wp\/v2\/pages"}],"about":[{"href":"https:\/\/itergy.com\/fr\/wp-json\/wp\/v2\/types\/page"}],"author":[{"embeddable":true,"href":"https:\/\/itergy.com\/fr\/wp-json\/wp\/v2\/users\/16"}],"replies":[{"embeddable":true,"href":"https:\/\/itergy.com\/fr\/wp-json\/wp\/v2\/comments?post=17031"}],"version-history":[{"count":5,"href":"https:\/\/itergy.com\/fr\/wp-json\/wp\/v2\/pages\/17031\/revisions"}],"predecessor-version":[{"id":17040,"href":"https:\/\/itergy.com\/fr\/wp-json\/wp\/v2\/pages\/17031\/revisions\/17040"}],"up":[{"embeddable":true,"href":"https:\/\/itergy.com\/fr\/wp-json\/wp\/v2\/pages\/2383"}],"wp:featuredmedia":[{"embeddable":true,"href":"https:\/\/itergy.com\/fr\/wp-json\/wp\/v2\/media\/17034"}],"wp:attachment":[{"href":"https:\/\/itergy.com\/fr\/wp-json\/wp\/v2\/media?parent=17031"}],"curies":[{"name":"wp","href":"https:\/\/api.w.org\/{rel}","templated":true}]}}