{"id":280,"date":"2013-08-19T14:31:00","date_gmt":"2013-08-19T18:31:00","guid":{"rendered":"http:\/\/itergy.com\/?page_id=280"},"modified":"2025-04-01T12:45:21","modified_gmt":"2025-04-01T16:45:21","slug":"a-propos","status":"publish","type":"page","link":"https:\/\/itergy.com\/fr\/a-propos\/","title":{"rendered":"\u00c0 propos"},"content":{"rendered":"\n<div class=\"wp-block-cover\" style=\"min-height:50vh;aspect-ratio:unset;\"><span aria-hidden=\"true\" class=\"wp-block-cover__background has-background-dim-0 has-background-dim\" style=\"background-color:#3264b1\"><\/span><img loading=\"lazy\" decoding=\"async\" width=\"1920\" height=\"1080\" class=\"wp-block-cover__image-background wp-image-30167\" alt=\"\" src=\"https:\/\/itergy.com\/wp-content\/uploads\/2025\/03\/about-us-banner.jpg\" data-object-fit=\"cover\" srcset=\"https:\/\/itergy.com\/wp-content\/uploads\/2025\/03\/about-us-banner.jpg 1920w, https:\/\/itergy.com\/wp-content\/uploads\/2025\/03\/about-us-banner-300x169.jpg 300w, https:\/\/itergy.com\/wp-content\/uploads\/2025\/03\/about-us-banner-1024x576.jpg 1024w, https:\/\/itergy.com\/wp-content\/uploads\/2025\/03\/about-us-banner-768x432.jpg 768w, https:\/\/itergy.com\/wp-content\/uploads\/2025\/03\/about-us-banner-1536x864.jpg 1536w, https:\/\/itergy.com\/wp-content\/uploads\/2025\/03\/about-us-banner-889x500.jpg 889w, https:\/\/itergy.com\/wp-content\/uploads\/2025\/03\/about-us-banner-180x101.jpg 180w, https:\/\/itergy.com\/wp-content\/uploads\/2025\/03\/about-us-banner-540x304.jpg 540w, https:\/\/itergy.com\/wp-content\/uploads\/2025\/03\/about-us-banner-260x146.jpg 260w\" sizes=\"auto, (max-width: 1920px) 100vw, 1920px\" \/><div class=\"wp-block-cover__inner-container is-layout-constrained wp-block-cover-is-layout-constrained\">\n<div class=\"wp-block-group container\"><div class=\"wp-block-group__inner-container is-layout-flow wp-block-group-is-layout-flow\">\n<h5 class=\"wp-block-heading has-text-align-left mb-2 has-white-color has-text-color has-link-color wp-elements-0471bf945b79ab4c0fd8f07566e6cc5d\" style=\"font-style:normal;font-weight:500\">TOUT COMMENCE AVEC<\/h5>\n\n\n\n<div class=\"wp-block-group p-1 br-1 w-max-content  ml-0 justify-self-center-xs has-white-background-color has-background\"><div class=\"wp-block-group__inner-container is-layout-constrained wp-block-group-is-layout-constrained\">\n<h1 class=\"wp-block-heading has-text-align-left mb-0 text-gradient\" style=\"font-style:normal;font-weight:700\">LE BON MSSP.<\/h1>\n<\/div><\/div>\n<\/div><\/div>\n<\/div><\/div>\n\n\n\n<div style=\"height:var(--wp--preset--spacing--80)\" aria-hidden=\"true\" class=\"wp-block-spacer\"><\/div>\n\n\n\n<div class=\"wp-block-group container\"><div class=\"wp-block-group__inner-container is-layout-flow wp-block-group-is-layout-flow\">\n<div class=\"wp-block-columns row  justify-content-center is-layout-flex wp-container-core-columns-is-layout-9d6595d7 wp-block-columns-is-layout-flex\">\n<div class=\"wp-block-column col-xl-9 is-layout-flow wp-block-column-is-layout-flow\">\n<div class=\"wp-block-columns is-layout-flex wp-container-core-columns-is-layout-9d6595d7 wp-block-columns-is-layout-flex\">\n<div class=\"wp-block-column is-vertically-aligned-center is-layout-flow wp-block-column-is-layout-flow\">\n<div class=\"wp-block-media-text is-vertically-aligned-center mw-100\" style=\"grid-template-columns:37% auto\"><figure class=\"wp-block-media-text__media\"><img loading=\"lazy\" decoding=\"async\" width=\"180\" height=\"155\" src=\"https:\/\/itergy.com\/wp-content\/uploads\/2025\/03\/ralph-lowen-quote.png\" alt=\"\" class=\"wp-image-30170 size-full\"\/><\/figure><div class=\"wp-block-media-text__content\">\n<p>Ralph Loewen<br>Pr\u00e9sident et Fondateur<\/p>\n<\/div><\/div>\n<\/div>\n\n\n\n<div class=\"wp-block-column is-layout-flow wp-block-column-is-layout-flow\">\n<div class=\"wp-block-cover aligncenter object-fit-fill\" style=\"min-height:200px;aspect-ratio:unset;\"><span aria-hidden=\"true\" class=\"wp-block-cover__background has-background-dim-0 has-background-dim\" style=\"background-color:#5a81ba\"><\/span><img loading=\"lazy\" decoding=\"async\" width=\"400\" height=\"200\" class=\"wp-block-cover__image-background wp-image-30137\" alt=\"\" src=\"https:\/\/itergy.com\/wp-content\/uploads\/2025\/03\/quote-border-wide.png\" data-object-fit=\"cover\" srcset=\"https:\/\/itergy.com\/wp-content\/uploads\/2025\/03\/quote-border-wide.png 400w, https:\/\/itergy.com\/wp-content\/uploads\/2025\/03\/quote-border-wide-300x150.png 300w, https:\/\/itergy.com\/wp-content\/uploads\/2025\/03\/quote-border-wide-180x90.png 180w, https:\/\/itergy.com\/wp-content\/uploads\/2025\/03\/quote-border-wide-260x130.png 260w\" sizes=\"auto, (max-width: 400px) 100vw, 400px\" \/><div class=\"wp-block-cover__inner-container is-layout-constrained wp-block-cover-is-layout-constrained\">\n<p class=\"has-text-align-center p-4 mb-0 has-dark-color has-text-color has-link-color has-medium-font-size wp-elements-4f2a657fbb4f2004462d12334b890c2e\">Chez Itergy, la s\u00e9curit\u00e9 en priorit\u00e9 est dans notre ADN depuis 24 ans. Chaque solution que nous cr\u00e9ons est con\u00e7ue pour prot\u00e9ger votre entreprise, assurant ainsi r\u00e9silience et tranquillit\u00e9 d&#8217;esprit.<\/p>\n<\/div><\/div>\n<\/div>\n<\/div>\n<\/div>\n<\/div>\n\n\n\n<div style=\"height:var(--wp--preset--spacing--80)\" aria-hidden=\"true\" class=\"wp-block-spacer\"><\/div>\n\n\n\n<h2 class=\"wp-block-heading text-center-xs has-primary-color has-text-color has-link-color wp-elements-39a8164a1f71b031bb38b9028a58cd66\" style=\"font-style:normal;font-weight:400\">POURQUOI ITERGY<\/h2>\n\n\n\n<p class=\"has-text-align-center text-center-xs\">Nous ne sommes pas seulement un fournisseur de services informatiques, mais votre partenaire de confiance dans la construction d&#8217;un avenir s\u00e9curis\u00e9 et r\u00e9silient. Depuis 2001, Itergy est en avance sur son temps, aidant les entreprises \u00e0 se d\u00e9velopper en toute confiance.<\/p>\n<\/div><\/div>\n\n\n\n<div class=\"wp-block-group container px-0 px-xl-5\"><div class=\"wp-block-group__inner-container is-layout-flow wp-block-group-is-layout-flow\">\n<div class=\"wp-block-columns row  justify-content-center px-0 px-xl-5 is-layout-flex wp-container-core-columns-is-layout-9d6595d7 wp-block-columns-is-layout-flex\">\n<div class=\"wp-block-column col-12 col-xxl-9 is-layout-flow wp-block-column-is-layout-flow\">\n<div class=\"wp-block-columns row gx-4 justify-content-between is-layout-flex wp-container-core-columns-is-layout-9d6595d7 wp-block-columns-is-layout-flex\">\n<div class=\"wp-block-column col-lg-4 is-layout-flow wp-block-column-is-layout-flow\">\n<div class=\"wp-block-group pt-lg-5 pb-lg-4 p-3 border-0 text-center\"><div class=\"wp-block-group__inner-container is-layout-flow wp-block-group-is-layout-flow\">\n<figure class=\"wp-block-image size-large img d-inline-block\"><img decoding=\"async\" src=\"\/wp-content\/uploads\/2025\/03\/secure-industry-experts-100x100.png\" alt=\"\"\/><\/figure>\n\n\n\n<h2 class=\"wp-block-heading h6 text-center mb-2 mt-1 pt-0 mb-lg-3 mt-lg-4 pt-lg-2\" style=\"font-style:normal;font-weight:400\">Experts du secteur<\/h2>\n\n\n\n<p class=\"text-center\">Fort de plusieurs d\u00e9cennies d&#8217;exp\u00e9rience dans des secteurs cl\u00e9s tels que la finance, la sant\u00e9, la fabrication, les mines, le commerce de d\u00e9tail, les ressources naturelles et bien d&#8217;autres, nous fournissons des solutions informatiques et de cybers\u00e9curit\u00e9 qui s&#8217;alignent sur vos objectifs commerciaux et vos exigences de conformit\u00e9.<\/p>\n<\/div><\/div>\n<\/div>\n\n\n\n<div class=\"wp-block-column col-lg-4 is-layout-flow wp-block-column-is-layout-flow\">\n<div class=\"wp-block-group pt-lg-5 pb-lg-4 p-3 border-0 text-center\"><div class=\"wp-block-group__inner-container is-layout-flow wp-block-group-is-layout-flow\">\n<figure class=\"wp-block-image size-large img d-inline-block\"><img decoding=\"async\" src=\"\/wp-content\/uploads\/2025\/03\/global-coverage-support-100x100.png\" alt=\"\"\/><\/figure>\n\n\n\n<h2 class=\"wp-block-heading h6 text-center mb-2 mt-1 pt-0 mb-lg-3 mt-lg-4 pt-lg-2\" style=\"font-style:normal;font-weight:400\">Couverture mondiale et support 24\/7<\/h2>\n\n\n\n<p class=\"text-center\">Nous offrons un support 24\/7 et servons des entreprises \u00e0 travers le monde, garantissant une tranquillit\u00e9 d&#8217;esprit continue.<\/p>\n<\/div><\/div>\n<\/div>\n\n\n\n<div class=\"wp-block-column col-lg-4 is-layout-flow wp-block-column-is-layout-flow\">\n<div class=\"wp-block-group pt-lg-5 pb-lg-4 p-3 border-0 text-center\"><div class=\"wp-block-group__inner-container is-layout-flow wp-block-group-is-layout-flow\">\n<figure class=\"wp-block-image size-large img d-inline-block\"><img decoding=\"async\" src=\"\/wp-content\/uploads\/2025\/03\/scalable-future-ready-100x100.png\" alt=\"\"\/><\/figure>\n\n\n\n<h2 class=\"wp-block-heading h6 text-center mb-2 mt-1 pt-0 mb-lg-3 mt-lg-4 pt-lg-2\" style=\"font-style:normal;font-weight:400\">\u00c9volutif, Conforme et Pr\u00eat pour l&#8217;Avenir<\/h2>\n\n\n\n<p class=\"text-center\">Nous garantissons que tout est s\u00e9curis\u00e9 et conforme. \u00c0 mesure que votre entreprise se d\u00e9veloppe, nous fournissons des infrastructures informatiques robustes et adaptables qui s&#8217;\u00e9voluent sans friction et grandissent avec vous.<\/p>\n<\/div><\/div>\n<\/div>\n<\/div>\n\n\n\n<div style=\"height:var(--wp--preset--spacing--60)\" aria-hidden=\"true\" class=\"wp-block-spacer\"><\/div>\n<\/div>\n<\/div>\n<\/div><\/div>\n\n\n\n<div class=\"wp-block-group container\"><div class=\"wp-block-group__inner-container is-layout-flow wp-block-group-is-layout-flow\">\n<div class=\"wp-block-group card card-body card-rounded-bottom card-shadow p-0  mb-4 mb-lg-0\"><div class=\"wp-block-group__inner-container is-layout-flow wp-block-group-is-layout-flow\">\n<div class=\"wp-block-columns is-not-stacked-on-mobile row is-layout-flex wp-container-core-columns-is-layout-9d6595d7 wp-block-columns-is-layout-flex\">\n<div class=\"wp-block-column align-center  col-12 col-lg-7 p-5 is-layout-flow wp-block-column-is-layout-flow\">\n<div class=\"wp-block-group px-4\"><div class=\"wp-block-group__inner-container is-layout-constrained wp-block-group-is-layout-constrained\">\n<p>D\u00e9couvrez les esprits qui fa\u00e7onnent la r\u00e9silience informatique : des penseurs strat\u00e9giques, des r\u00e9solveurs de probl\u00e8mes et des experts en cybers\u00e9curit\u00e9.<\/p>\n\n\n\n<p>De la s\u00e9curit\u00e9 AD \u00e0 l&#8217;innovation cloud, notre \u00e9quipe repousse les limites pour garder votre entreprise s\u00e9curis\u00e9e et pr\u00eate pour l&#8217;avenir.<\/p>\n\n\n\n<div style=\"height:var(--wp--preset--spacing--40)\" aria-hidden=\"true\" class=\"wp-block-spacer\"><\/div>\n\n\n\n<div class=\"wp-block-buttons is-content-justification-left is-layout-flex wp-container-core-buttons-is-layout-fdcfc74e wp-block-buttons-is-layout-flex\">\n<div class=\"wp-block-button btn-wp-block-button-primary is-style-fill\"><a class=\"wp-block-button__link has-white-color has-secondary-background-color has-text-color has-background wp-element-button\" href=\"\/about-us\/our-team\/\" style=\"border-radius:2px\">RENCONTREZ L&#8217;\u00c9QUIPE<\/a><\/div>\n<\/div>\n<\/div><\/div>\n<\/div>\n\n\n\n<div class=\"wp-block-column is-vertically-aligned-center  col-12 col-lg-5 pb-5 px-5 is-layout-flow wp-block-column-is-layout-flow\">\n<figure class=\"wp-block-image size-full is-style-default\"><img loading=\"lazy\" decoding=\"async\" width=\"1366\" height=\"768\" src=\"https:\/\/itergy.com\/wp-content\/uploads\/2025\/03\/minds-shaping-it-v3.jpg\" alt=\"\" class=\"wp-image-30178\" style=\"object-fit:cover\" srcset=\"https:\/\/itergy.com\/wp-content\/uploads\/2025\/03\/minds-shaping-it-v3.jpg 1366w, https:\/\/itergy.com\/wp-content\/uploads\/2025\/03\/minds-shaping-it-v3-300x169.jpg 300w, https:\/\/itergy.com\/wp-content\/uploads\/2025\/03\/minds-shaping-it-v3-1024x576.jpg 1024w, https:\/\/itergy.com\/wp-content\/uploads\/2025\/03\/minds-shaping-it-v3-768x432.jpg 768w, https:\/\/itergy.com\/wp-content\/uploads\/2025\/03\/minds-shaping-it-v3-889x500.jpg 889w, https:\/\/itergy.com\/wp-content\/uploads\/2025\/03\/minds-shaping-it-v3-180x101.jpg 180w, https:\/\/itergy.com\/wp-content\/uploads\/2025\/03\/minds-shaping-it-v3-540x304.jpg 540w, https:\/\/itergy.com\/wp-content\/uploads\/2025\/03\/minds-shaping-it-v3-260x146.jpg 260w\" sizes=\"auto, (max-width: 1366px) 100vw, 1366px\" \/><\/figure>\n<\/div>\n<\/div>\n<\/div><\/div>\n\n\n\n<div style=\"height:var(--wp--preset--spacing--60)\" aria-hidden=\"true\" class=\"wp-block-spacer\"><\/div>\n\n\n\n<h2 class=\"wp-block-heading text-center-xs has-primary-color has-text-color has-link-color wp-elements-943f5a425fbd86755c65af8545eafdcd\" style=\"font-style:normal;font-weight:400\">PRIX ET RECONNAISSANCES<\/h2>\n\n\n\n<p class=\"has-text-align-center text-center-xs\">Itergy red\u00e9finit l&#8217;informatique avec des solutions qui garantissent la s\u00e9curit\u00e9 et l&#8217;agilit\u00e9 des entreprises. Nous ne nous contentons pas de r\u00e9soudre des probl\u00e8mes ; nous pr\u00e9parons votre technologie pour l&#8217;avenir afin que vous soyez toujours une longueur d&#8217;avance. Itergy est honor\u00e9e d&#8217;\u00eatre reconnue pour notre engagement envers l&#8217;innovation et l&#8217;excellence. Appr\u00e9ci\u00e9e par les leaders du secteur, nous sommes fiers d&#8217;avoir contribu\u00e9 au succ\u00e8s et \u00e0 la s\u00e9curit\u00e9 des entreprises \u00e0 travers le monde. Notre travail est c\u00e9l\u00e9br\u00e9 pour son impact sur la transformation de l&#8217;informatique et la progression de divers secteurs.<\/p>\n\n\n\n<div style=\"height:var(--wp--preset--spacing--60)\" aria-hidden=\"true\" class=\"wp-block-spacer\"><\/div>\n\n\n\n<div class=\"wp-block-group border-0 text-center\"><div class=\"wp-block-group__inner-container is-layout-flow wp-block-group-is-layout-flow\">\n<figure class=\"wp-block-image size-large img d-inline-block\"><img decoding=\"async\" src=\"\/wp-content\/uploads\/2025\/03\/Micro_Partner_Awards_Finals11211-300x169.webp\" alt=\"\"\/><\/figure>\n\n\n\n<p class=\"text-center\" style=\"font-style:normal;font-weight:500\">LE PARTENAIRE MONDIAL DE L\u2019ANN\u00c9E 2012 DE MICROSOFT POUR L\u2019IDENTIT\u00c9 ET LA S\u00c9CURIT\u00c9<\/p>\n<\/div><\/div>\n\n\n\n<div style=\"height:var(--wp--preset--spacing--60)\" aria-hidden=\"true\" class=\"wp-block-spacer\"><\/div>\n\n\n\n<div class=\"wp-block-group border-0 text-center\"><div class=\"wp-block-group__inner-container is-layout-flow wp-block-group-is-layout-flow\">\n<figure class=\"wp-block-image size-large img d-inline-block mb-0\"><img decoding=\"async\" src=\"\/wp-content\/uploads\/2025\/03\/250x230-CDN-channel-elite-awards-120x120-1.jpg\" alt=\"\" style=\"aspect-ratio:16\/9;object-fit:cover\"\/><\/figure>\n\n\n\n<p>Finaliste du prix CDN Channel Elite 2017<br>Itergy nomm\u00e9e finaliste dans 3 cat\u00e9gories des CDN Channel Elite Awards 2017<br>Gagnant du prix Channel Elite 2015<br>Gagnant du prix CDN Channel Elite 2013<\/p>\n<\/div><\/div>\n\n\n\n<div style=\"height:var(--wp--preset--spacing--60)\" aria-hidden=\"true\" class=\"wp-block-spacer\"><\/div>\n\n\n\n<div class=\"wp-block-group border-0 text-center\"><div class=\"wp-block-group__inner-container is-layout-flow wp-block-group-is-layout-flow\">\n<figure class=\"wp-block-image size-large is-resized img d-inline-block mb-0\"><img decoding=\"async\" src=\"\/wp-content\/uploads\/2025\/03\/multi-award-banner.jpg\" alt=\"\" style=\"width:450px;height:auto\"\/><\/figure>\n\n\n\n<p class=\"mt-2\">Finaliste de la liste des 100 meilleurs fournisseurs de solutions 2020 \u2013 par IT World Canada<br>2020 Nomm\u00e9 dans la liste des 100 meilleurs MSPs de march\u00e9s verticaux de ChannelE2E<br>2020 Meilleurs fournisseurs de services g\u00e9r\u00e9s au Canada \u2013 MSP50 de Cloudtango<br>Finaliste de la liste des 100 meilleurs fournisseurs de solutions 2019 \u2013 par IT World Canada<\/p>\n\n\n\n<div style=\"height:var(--wp--preset--spacing--60)\" aria-hidden=\"true\" class=\"wp-block-spacer\"><\/div>\n<\/div><\/div>\n\n\n\n<h2 class=\"wp-block-heading text-center-xs has-primary-color has-text-color has-link-color wp-elements-675f10a576d1fb41e8b4951dd7cd97c0\" style=\"font-style:normal;font-weight:400\">NOTRE CENTRE DE CONNAISSANCES IT<\/h2>\n\n\n\n<p class=\"text-center-xs\">Nos sections blog et actualit\u00e9s offrent un aper\u00e7u approfondi de notre expertise, en fournissant des informations pr\u00e9cieuses, des tendances \u00e9mergentes et des mises \u00e0 jour qui mettent en lumi\u00e8re notre engagement envers l&#8217;innovation, la s\u00e9curit\u00e9 et l&#8217;excellence. Restez inform\u00e9 et d\u00e9couvrez comment nous fa\u00e7onnons l&#8217;avenir de l&#8217;informatique d&#8217;entreprise.<\/p>\n\n\n\n<div style=\"height:var(--wp--preset--spacing--40)\" aria-hidden=\"true\" class=\"wp-block-spacer\"><\/div>\n\n\n\n<div class=\"wp-block-buttons justify-content-center-xs is-content-justification-right is-layout-flex wp-container-core-buttons-is-layout-765c4724 wp-block-buttons-is-layout-flex\">\n<div class=\"wp-block-button btn-wp-block-button-primary is-style-fill text-center-xs\"><a class=\"wp-block-button__link has-white-color has-secondary-background-color has-text-color has-background wp-element-button\" href=\"\/blog\" style=\"border-radius:2px\">EXPLORER<\/a><\/div>\n<\/div>\n\n\n\n<div style=\"height:var(--wp--preset--spacing--80)\" aria-hidden=\"true\" class=\"wp-block-spacer\"><\/div>\n\n\n\n<h2 class=\"wp-block-heading text-center-xs has-primary-color has-text-color has-link-color wp-elements-d8b95ac99aea60d059beff4646940495\" style=\"font-style:normal;font-weight:400\">PARLEZ \u00c0 NOS EXPERTS<\/h2>\n\n\n\n<p class=\"text-center-xs\">Pr\u00eat \u00e0 franchir une nouvelle \u00e9tape ? Que vous souhaitiez optimiser, s\u00e9curiser ou transformer votre informatique, nos experts sont l\u00e0 pour vous accompagner. Explorons la solution id\u00e9ale pour votre entreprise \u2013 contactez-nous d\u00e8s aujourd&#8217;hui.<\/p>\n\n\n\n<div style=\"height:var(--wp--preset--spacing--40)\" aria-hidden=\"true\" class=\"wp-block-spacer\"><\/div>\n<\/div><\/div>\n\n\n\n<div class=\"wp-block-buttons is-content-justification-center is-layout-flex wp-container-core-buttons-is-layout-16018d1d wp-block-buttons-is-layout-flex\">\n<div class=\"wp-block-button btn-wp-block-button-primary is-style-fill\"><a class=\"wp-block-button__link has-white-color has-secondary-background-color has-text-color has-background wp-element-button\" href=\"\/contact-us\/\" style=\"border-radius:2px\">CONTACTEZ-NOUS<\/a><\/div>\n<\/div>\n\n\n\n<div style=\"height:var(--wp--preset--spacing--60)\" aria-hidden=\"true\" class=\"wp-block-spacer\"><\/div>\n","protected":false},"excerpt":{"rendered":"<p>Ralph LoewenPr\u00e9sident et Fondateur POURQUOI ITERGY Nous ne sommes pas seulement un fournisseur de services informatiques, mais votre partenaire de confiance dans la construction d&#8217;un avenir s\u00e9curis\u00e9 et r\u00e9silient. Depuis 2001, Itergy est en avance sur son temps, aidant les entreprises \u00e0 se d\u00e9velopper en toute confiance. Experts du secteur Fort de plusieurs d\u00e9cennies d&#8217;exp\u00e9rience [&hellip;]<\/p>\n","protected":false},"author":7,"featured_media":431,"parent":0,"menu_order":1,"comment_status":"open","ping_status":"open","template":"","meta":{"_acf_changed":false,"content-type":"","footnotes":""},"class_list":["post-280","page","type-page","status-publish","has-post-thumbnail","hentry"],"acf":[],"aioseo_notices":[],"_links":{"self":[{"href":"https:\/\/itergy.com\/fr\/wp-json\/wp\/v2\/pages\/280","targetHints":{"allow":["GET"]}}],"collection":[{"href":"https:\/\/itergy.com\/fr\/wp-json\/wp\/v2\/pages"}],"about":[{"href":"https:\/\/itergy.com\/fr\/wp-json\/wp\/v2\/types\/page"}],"author":[{"embeddable":true,"href":"https:\/\/itergy.com\/fr\/wp-json\/wp\/v2\/users\/7"}],"replies":[{"embeddable":true,"href":"https:\/\/itergy.com\/fr\/wp-json\/wp\/v2\/comments?post=280"}],"version-history":[{"count":8,"href":"https:\/\/itergy.com\/fr\/wp-json\/wp\/v2\/pages\/280\/revisions"}],"predecessor-version":[{"id":30417,"href":"https:\/\/itergy.com\/fr\/wp-json\/wp\/v2\/pages\/280\/revisions\/30417"}],"wp:featuredmedia":[{"embeddable":true,"href":"https:\/\/itergy.com\/fr\/wp-json\/wp\/v2\/media\/431"}],"wp:attachment":[{"href":"https:\/\/itergy.com\/fr\/wp-json\/wp\/v2\/media?parent=280"}],"curies":[{"name":"wp","href":"https:\/\/api.w.org\/{rel}","templated":true}]}}