{"id":3696,"date":"2017-11-09T13:59:32","date_gmt":"2017-11-09T18:59:32","guid":{"rendered":"http:\/\/itergy.com\/?page_id=3696"},"modified":"2023-02-15T14:39:32","modified_gmt":"2023-02-15T19:39:32","slug":"politique-de-cookies","status":"publish","type":"page","link":"https:\/\/itergy.com\/fr\/politique-de-cookies\/","title":{"rendered":"Politique des cookies"},"content":{"rendered":"<p><span style=\"font-size: 14pt;\"><strong>Q\u2019est-ce qu\u2019un Cookie?<\/strong><\/span><\/p>\n<p>Un cookie est un petit fichier texte qu&#8217;un site Web enregistre sur votre ordinateur ou appareil mobile lorsque vous visitez le site. Il permet au site Web de se souvenir de vos actions et de vos pr\u00e9f\u00e9rences (telles que la connexion, la langue, la taille de la police et d&#8217;autres pr\u00e9f\u00e9rences d&#8217;affichage) sur une p\u00e9riode donn\u00e9e. Vous n&#8217;avez donc pas \u00e0 les saisir \u00e0 chaque fois que vous revenez sur le site ou lorsque vous naviguez d&#8217;une page \u00e0 l&#8217;autre.<\/p>\n<p><span style=\"font-size: 14pt;\"><strong>Comment utilisons-nous les cookies?<\/strong><\/span><\/p>\n<p>Un certain nombre de nos pages utilisent des cookies pour se souvenir:<\/p>\n<ul>\n<li>de vos pr\u00e9f\u00e9rences d&#8217;affichage, telles que les param\u00e8tres de couleur de contraste ou la taille de la police<\/li>\n<li>si vous avez d\u00e9j\u00e0 r\u00e9pondu \u00e0 un sondage qui vous demande si le contenu a \u00e9t\u00e9 utile ou non (vous ne serez donc plus invit\u00e9)<\/li>\n<li>si vous avez accept\u00e9 (ou non) notre utilisation des cookies sur ce site<\/li>\n<\/ul>\n<p>De plus, certaines vid\u00e9os int\u00e9gr\u00e9es \u00e0 nos pages utilisent un cookie pour collecter anonymement des statistiques sur la fa\u00e7on dont vous y \u00eates arriv\u00e9 et sur les vid\u00e9os que vous avez visit\u00e9es.<\/p>\n<p>L&#8217;activation de ces cookies n&#8217;est pas strictement n\u00e9cessaire pour que le site fonctionne, mais il vous offrira une meilleure exp\u00e9rience de navigation.<\/p>\n<p>Vous pouvez supprimer ou bloquer ces cookies, mais si vous le faites, certaines fonctionnalit\u00e9s de ce site peuvent ne pas fonctionner comme pr\u00e9vu.<\/p>\n<p>Les informations relatives aux cookies ne sont pas utilis\u00e9es pour vous identifier personnellement et les donn\u00e9es de configuration sont enti\u00e8rement sous notre contr\u00f4le. Ces cookies ne sont pas utilis\u00e9s \u00e0 d&#8217;autres fins que celles d\u00e9crites ici.<\/p>\n<p><span style=\"font-size: 14pt;\"><strong>Utilisons-nous d&#8217;autres cookies?<\/strong><\/span><\/p>\n<p>Certaines de nos pages ou sous-sites peuvent utiliser des cookies suppl\u00e9mentaires ou diff\u00e9rents de ceux d\u00e9crits ci-dessus. Si oui, les d\u00e9tails de ceux-ci seront fournis dans leur page de notification de cookies sp\u00e9cifique. Vous pouvez \u00eatre invit\u00e9 \u00e0 accepter ces cookies.<\/p>\n<p><span style=\"font-size: 14pt;\"><strong>Comment contr\u00f4ler les cookies<\/strong><\/span><\/p>\n<p>Vous pouvez contr\u00f4ler et\/ou supprimer les cookies comme vous le souhaitez &#8211; pour plus de d\u00e9tails, voir <a href=\"https:\/\/aboutcookies.org\" target=\"_blank\" rel=\"noopener noreferrer\">aboutcookies.org<\/a>. Vous pouvez supprimer tous les cookies qui sont d\u00e9j\u00e0 sur votre ordinateur et vous pouvez configurer la plupart des navigateurs pour les emp\u00eacher d&#8217;\u00eatre plac\u00e9s. Si vous faites cela, cependant, vous devrez peut-\u00eatre ajuster manuellement certaines pr\u00e9f\u00e9rences chaque fois que vous visitez un site et certains services et fonctionnalit\u00e9s peuvent ne pas fonctionner.<\/p>\n","protected":false},"excerpt":{"rendered":"<p>Q\u2019est-ce qu\u2019un Cookie? Un cookie est un petit fichier texte qu&#8217;un site Web enregistre sur votre ordinateur ou appareil mobile lorsque vous visitez le site. Il permet au site Web de se souvenir de vos actions et de vos pr\u00e9f\u00e9rences (telles que la connexion, la langue, la taille de la police et d&#8217;autres pr\u00e9f\u00e9rences d&#8217;affichage) [&hellip;]<\/p>\n","protected":false},"author":50,"featured_media":0,"parent":0,"menu_order":0,"comment_status":"closed","ping_status":"closed","template":"","meta":{"_acf_changed":false,"content-type":"","footnotes":""},"class_list":["post-3696","page","type-page","status-publish","hentry"],"acf":[],"aioseo_notices":[],"_links":{"self":[{"href":"https:\/\/itergy.com\/fr\/wp-json\/wp\/v2\/pages\/3696","targetHints":{"allow":["GET"]}}],"collection":[{"href":"https:\/\/itergy.com\/fr\/wp-json\/wp\/v2\/pages"}],"about":[{"href":"https:\/\/itergy.com\/fr\/wp-json\/wp\/v2\/types\/page"}],"author":[{"embeddable":true,"href":"https:\/\/itergy.com\/fr\/wp-json\/wp\/v2\/users\/50"}],"replies":[{"embeddable":true,"href":"https:\/\/itergy.com\/fr\/wp-json\/wp\/v2\/comments?post=3696"}],"version-history":[{"count":10,"href":"https:\/\/itergy.com\/fr\/wp-json\/wp\/v2\/pages\/3696\/revisions"}],"predecessor-version":[{"id":22476,"href":"https:\/\/itergy.com\/fr\/wp-json\/wp\/v2\/pages\/3696\/revisions\/22476"}],"wp:attachment":[{"href":"https:\/\/itergy.com\/fr\/wp-json\/wp\/v2\/media?parent=3696"}],"curies":[{"name":"wp","href":"https:\/\/api.w.org\/{rel}","templated":true}]}}