{"id":65,"date":"2013-07-29T11:36:28","date_gmt":"2013-07-29T15:36:28","guid":{"rendered":"http:\/\/itergy.com\/?page_id=65"},"modified":"2023-09-28T16:38:18","modified_gmt":"2023-09-28T20:38:18","slug":"pourquoi-itergy","status":"publish","type":"page","link":"https:\/\/itergy.com\/fr\/a-propos\/pourquoi-itergy\/","title":{"rendered":"Pourquoi Itergy?"},"content":{"rendered":"<p>Fond\u00e9e en 2001 par\u00a0<a href=\"http:\/\/www.linkedin.com\/in\/ralphloewen\"><strong>Ralph Loewen<\/strong><\/a>\u00a0et\u00a0<a href=\"http:\/\/www.linkedin.com\/in\/donbauer\"><strong>Donald Bauer<\/strong><\/a>, Itergy a \u00e9t\u00e9 class\u00e9e parmi les compagnies les plus dynamiques au Canada par le magazine PROFIT, deux fois. Nos clients aiment travailler avec nous parce que :<\/p>\n<ul>\n<li>Nous livrons des r\u00e9sultats<\/li>\n<li>Nous sommes reconnus comme l\u2019un des meilleurs partenaires de Microsoft pour tout ce qui concerne les questions d\u2019infrastructure<\/li>\n<li>Notre pr\u00e9sence g\u00e9ographique nous permet de desservir une client\u00e8le mondiale<\/li>\n<li>Nous sommes en mesure de r\u00e9pondre aux besoins informatiques les plus complexes, gr\u00e2ce \u00e0 un bassin de comp\u00e9tences aussi vaste que pointu<\/li>\n<\/ul>\n<p>Nous connaissons particuli\u00e8rement bien les secteurs des ressources naturelles, de la vente au d\u00e9tail, manufacturiers, financiers et \u00e9ducationnels.<\/p>\n","protected":false},"excerpt":{"rendered":"<p>Fond\u00e9e en 2001 par\u00a0Ralph Loewen\u00a0et\u00a0Donald Bauer, Itergy a \u00e9t\u00e9 class\u00e9e parmi les compagnies les plus dynamiques au Canada par le magazine PROFIT, deux fois. Nos clients aiment travailler avec nous parce que : Nous livrons des r\u00e9sultats Nous sommes reconnus comme l\u2019un des meilleurs partenaires de Microsoft pour tout ce qui concerne les questions d\u2019infrastructure [&hellip;]<\/p>\n","protected":false},"author":7,"featured_media":546,"parent":280,"menu_order":-5,"comment_status":"closed","ping_status":"closed","template":"","meta":{"_acf_changed":false,"content-type":"","footnotes":""},"class_list":["post-65","page","type-page","status-publish","has-post-thumbnail","hentry"],"acf":[],"aioseo_notices":[],"_links":{"self":[{"href":"https:\/\/itergy.com\/fr\/wp-json\/wp\/v2\/pages\/65","targetHints":{"allow":["GET"]}}],"collection":[{"href":"https:\/\/itergy.com\/fr\/wp-json\/wp\/v2\/pages"}],"about":[{"href":"https:\/\/itergy.com\/fr\/wp-json\/wp\/v2\/types\/page"}],"author":[{"embeddable":true,"href":"https:\/\/itergy.com\/fr\/wp-json\/wp\/v2\/users\/7"}],"replies":[{"embeddable":true,"href":"https:\/\/itergy.com\/fr\/wp-json\/wp\/v2\/comments?post=65"}],"version-history":[{"count":10,"href":"https:\/\/itergy.com\/fr\/wp-json\/wp\/v2\/pages\/65\/revisions"}],"predecessor-version":[{"id":24373,"href":"https:\/\/itergy.com\/fr\/wp-json\/wp\/v2\/pages\/65\/revisions\/24373"}],"up":[{"embeddable":true,"href":"https:\/\/itergy.com\/fr\/wp-json\/wp\/v2\/pages\/280"}],"wp:featuredmedia":[{"embeddable":true,"href":"https:\/\/itergy.com\/fr\/wp-json\/wp\/v2\/media\/546"}],"wp:attachment":[{"href":"https:\/\/itergy.com\/fr\/wp-json\/wp\/v2\/media?parent=65"}],"curies":[{"name":"wp","href":"https:\/\/api.w.org\/{rel}","templated":true}]}}