{"id":653,"date":"2013-08-13T14:28:39","date_gmt":"2013-08-13T18:28:39","guid":{"rendered":"http:\/\/itergysite.wpengine.com\/?page_id=653"},"modified":"2014-10-02T20:01:50","modified_gmt":"2014-10-03T00:01:50","slug":"nouvelles-evenements","status":"publish","type":"page","link":"https:\/\/itergy.com\/fr\/nouvelles-evenements\/","title":{"rendered":"Nouvelles &#038; \u00e9v\u00e9nements"},"content":{"rendered":"<p>Tenez-vous au courant des derni\u00e8res nouvelles et des \u00e9v\u00e9nements \u00e0 venir chez Itergy. Ils vous aideront \u00e0 rester inform\u00e9s pour prendre des d\u00e9cisions plus \u00e9clair\u00e9es.<\/p>\n","protected":false},"excerpt":{"rendered":"<p>Tenez-vous au courant des derni\u00e8res nouvelles et des \u00e9v\u00e9nements \u00e0 venir chez Itergy. Ils vous aideront \u00e0 rester inform\u00e9s pour prendre des d\u00e9cisions plus \u00e9clair\u00e9es.<\/p>\n","protected":false},"author":7,"featured_media":0,"parent":0,"menu_order":5,"comment_status":"closed","ping_status":"open","template":"page-index.php","meta":{"_acf_changed":false,"content-type":"","footnotes":""},"class_list":["post-653","page","type-page","status-publish","hentry"],"acf":[],"aioseo_notices":[],"_links":{"self":[{"href":"https:\/\/itergy.com\/fr\/wp-json\/wp\/v2\/pages\/653","targetHints":{"allow":["GET"]}}],"collection":[{"href":"https:\/\/itergy.com\/fr\/wp-json\/wp\/v2\/pages"}],"about":[{"href":"https:\/\/itergy.com\/fr\/wp-json\/wp\/v2\/types\/page"}],"author":[{"embeddable":true,"href":"https:\/\/itergy.com\/fr\/wp-json\/wp\/v2\/users\/7"}],"replies":[{"embeddable":true,"href":"https:\/\/itergy.com\/fr\/wp-json\/wp\/v2\/comments?post=653"}],"version-history":[{"count":1,"href":"https:\/\/itergy.com\/fr\/wp-json\/wp\/v2\/pages\/653\/revisions"}],"predecessor-version":[{"id":6173,"href":"https:\/\/itergy.com\/fr\/wp-json\/wp\/v2\/pages\/653\/revisions\/6173"}],"wp:attachment":[{"href":"https:\/\/itergy.com\/fr\/wp-json\/wp\/v2\/media?parent=653"}],"curies":[{"name":"wp","href":"https:\/\/api.w.org\/{rel}","templated":true}]}}