{"id":655,"date":"2013-12-02T13:27:15","date_gmt":"2013-12-02T18:27:15","guid":{"rendered":"http:\/\/itergysite.wpengine.com\/?page_id=655"},"modified":"2019-07-10T17:21:49","modified_gmt":"2019-07-10T21:21:49","slug":"evenements","status":"publish","type":"page","link":"https:\/\/itergy.com\/fr\/nouvelles-evenements\/evenements\/","title":{"rendered":"\u00c9v\u00e9nements"},"content":{"rendered":"<p>Chez Itergy, nous organisons plusieurs \u00e9v\u00e9nements sp\u00e9cialement con\u00e7us pour offrir la meilleure exp\u00e9rience et vous aidez \u00e0 prendre les meilleures d\u00e9cisions pour votre entreprise. Inscrivez-vous \u00e0 l\u2019une de nos discussions d\u2019experts, CIE, PCIT, s\u00e9minaire, webinaire ou autres!<\/p>\n","protected":false},"excerpt":{"rendered":"<p>Chez Itergy, nous organisons plusieurs \u00e9v\u00e9nements sp\u00e9cialement con\u00e7us pour offrir la meilleure exp\u00e9rience et vous aidez \u00e0 prendre les meilleures d\u00e9cisions pour votre entreprise. Inscrivez-vous \u00e0 l\u2019une de nos discussions d\u2019experts, CIE, PCIT, s\u00e9minaire, webinaire ou autres!<\/p>\n","protected":false},"author":7,"featured_media":564,"parent":653,"menu_order":7,"comment_status":"closed","ping_status":"closed","template":"","meta":{"_acf_changed":false,"content-type":"","footnotes":""},"class_list":["post-655","page","type-page","status-publish","has-post-thumbnail","hentry"],"acf":[],"aioseo_notices":[],"_links":{"self":[{"href":"https:\/\/itergy.com\/fr\/wp-json\/wp\/v2\/pages\/655","targetHints":{"allow":["GET"]}}],"collection":[{"href":"https:\/\/itergy.com\/fr\/wp-json\/wp\/v2\/pages"}],"about":[{"href":"https:\/\/itergy.com\/fr\/wp-json\/wp\/v2\/types\/page"}],"author":[{"embeddable":true,"href":"https:\/\/itergy.com\/fr\/wp-json\/wp\/v2\/users\/7"}],"replies":[{"embeddable":true,"href":"https:\/\/itergy.com\/fr\/wp-json\/wp\/v2\/comments?post=655"}],"version-history":[{"count":2,"href":"https:\/\/itergy.com\/fr\/wp-json\/wp\/v2\/pages\/655\/revisions"}],"predecessor-version":[{"id":6334,"href":"https:\/\/itergy.com\/fr\/wp-json\/wp\/v2\/pages\/655\/revisions\/6334"}],"up":[{"embeddable":true,"href":"https:\/\/itergy.com\/fr\/wp-json\/wp\/v2\/pages\/653"}],"wp:featuredmedia":[{"embeddable":true,"href":"https:\/\/itergy.com\/fr\/wp-json\/wp\/v2\/media\/564"}],"wp:attachment":[{"href":"https:\/\/itergy.com\/fr\/wp-json\/wp\/v2\/media?parent=655"}],"curies":[{"name":"wp","href":"https:\/\/api.w.org\/{rel}","templated":true}]}}