{"id":677,"date":"2013-07-31T08:44:41","date_gmt":"2013-07-31T12:44:41","guid":{"rendered":"http:\/\/itergysite.wpengine.com\/services-2\/"},"modified":"2023-02-15T16:25:13","modified_gmt":"2023-02-15T21:25:13","slug":"solutions","status":"publish","type":"page","link":"https:\/\/itergy.com\/fr\/solutions\/","title":{"rendered":"Nos solutions"},"content":{"rendered":"<p>Que vous souhaitiez donner plus de temps \u00e0 votre personnel informatique pour se consacrer \u00e0 d&#8217;autres priorit\u00e9s, ou pour diminuer les risques de perturbations, ou encore pour pouvoir acc\u00e9der \u00e0 des sp\u00e9cialistes des technologies Microsoft de classe internationale, nous vous offrons \u00e0 la fois des services g\u00e9r\u00e9s et des services de soutien d\u00e9di\u00e9 qui vous aideront \u00e0 prot\u00e9ger la valeur de vos investissements dans les TI.\u00a0<\/p>\n\n","protected":false},"excerpt":{"rendered":"<p>Que vous souhaitiez donner plus de temps \u00e0 votre personnel informatique pour se consacrer \u00e0 d&#8217;autres priorit\u00e9s, ou pour diminuer les risques de perturbations, ou encore pour pouvoir acc\u00e9der \u00e0 des sp\u00e9cialistes des technologies Microsoft de classe internationale, nous vous offrons \u00e0 la fois des services g\u00e9r\u00e9s et des services de soutien d\u00e9di\u00e9 qui vous [&hellip;]<\/p>\n","protected":false},"author":7,"featured_media":0,"parent":0,"menu_order":1,"comment_status":"closed","ping_status":"closed","template":"page-services.php","meta":{"_acf_changed":false,"content-type":"","footnotes":""},"class_list":["post-677","page","type-page","status-publish","hentry"],"acf":[],"aioseo_notices":[],"_links":{"self":[{"href":"https:\/\/itergy.com\/fr\/wp-json\/wp\/v2\/pages\/677","targetHints":{"allow":["GET"]}}],"collection":[{"href":"https:\/\/itergy.com\/fr\/wp-json\/wp\/v2\/pages"}],"about":[{"href":"https:\/\/itergy.com\/fr\/wp-json\/wp\/v2\/types\/page"}],"author":[{"embeddable":true,"href":"https:\/\/itergy.com\/fr\/wp-json\/wp\/v2\/users\/7"}],"replies":[{"embeddable":true,"href":"https:\/\/itergy.com\/fr\/wp-json\/wp\/v2\/comments?post=677"}],"version-history":[{"count":1,"href":"https:\/\/itergy.com\/fr\/wp-json\/wp\/v2\/pages\/677\/revisions"}],"predecessor-version":[{"id":22480,"href":"https:\/\/itergy.com\/fr\/wp-json\/wp\/v2\/pages\/677\/revisions\/22480"}],"wp:attachment":[{"href":"https:\/\/itergy.com\/fr\/wp-json\/wp\/v2\/media?parent=677"}],"curies":[{"name":"wp","href":"https:\/\/api.w.org\/{rel}","templated":true}]}}